{"id":1609,"date":"2026-01-30T21:08:47","date_gmt":"2026-01-31T03:08:47","guid":{"rendered":"https:\/\/cosatshop.com\/?product=eps-t544420-amarillo-l110"},"modified":"2026-01-30T21:08:47","modified_gmt":"2026-01-31T03:08:47","slug":"eps-t544420-amarillo-l110","status":"publish","type":"product","link":"https:\/\/cosatshop.com\/?product=eps-t544420-amarillo-l110","title":{"rendered":"EPS T544420 AMARILLO L110"},"content":{"rendered":"<p>Este producto es una soluci\u00f3n confiable para impresoras y equipos compatibles. Fabricado con altos est\u00e1ndares de calidad, es ideal para reemplazo, mantenimiento o uso continuo en entornos dom\u00e9sticos y profesionales. Su dise\u00f1o garantiza un desempe\u00f1o estable y resultados consistentes. Consulte compatibilidad antes de comprar.<\/p>\n","protected":false},"excerpt":{"rendered":"<p>Producto compatible de alta calidad, ideal para uso en oficina y negocio. Garantiza funcionamiento confiable y excelente rendimiento.<\/p>\n","protected":false},"featured_media":0,"comment_status":"open","ping_status":"closed","template":"","meta":[],"product_cat":[53],"product_tag":[51],"jetpack_sharing_enabled":true,"_links":{"self":[{"href":"https:\/\/cosatshop.com\/index.php?rest_route=\/wp\/v2\/product\/1609"}],"collection":[{"href":"https:\/\/cosatshop.com\/index.php?rest_route=\/wp\/v2\/product"}],"about":[{"href":"https:\/\/cosatshop.com\/index.php?rest_route=\/wp\/v2\/types\/product"}],"replies":[{"embeddable":true,"href":"https:\/\/cosatshop.com\/index.php?rest_route=%2Fwp%2Fv2%2Fcomments&post=1609"}],"wp:attachment":[{"href":"https:\/\/cosatshop.com\/index.php?rest_route=%2Fwp%2Fv2%2Fmedia&parent=1609"}],"wp:term":[{"taxonomy":"product_cat","embeddable":true,"href":"https:\/\/cosatshop.com\/index.php?rest_route=%2Fwp%2Fv2%2Fproduct_cat&post=1609"},{"taxonomy":"product_tag","embeddable":true,"href":"https:\/\/cosatshop.com\/index.php?rest_route=%2Fwp%2Fv2%2Fproduct_tag&post=1609"}],"curies":[{"name":"wp","href":"https:\/\/api.w.org\/{rel}","templated":true}]}}