{"id":1379,"date":"2026-01-30T21:08:21","date_gmt":"2026-01-31T03:08:21","guid":{"rendered":"https:\/\/cosatshop.com\/?product=hp-laserjet-pro-4103dw-2z627a"},"modified":"2026-01-31T10:38:45","modified_gmt":"2026-01-31T16:38:45","slug":"hp-laserjet-pro-4103dw-2z627a","status":"publish","type":"product","link":"https:\/\/cosatshop.com\/?product=hp-laserjet-pro-4103dw-2z627a","title":{"rendered":"HP LASERJET PRO 4103DW (2Z627A)"},"content":{"rendered":"","protected":false},"excerpt":{"rendered":"<p data-start=\"78\" data-end=\"226\">Impresora multifunci\u00f3n l\u00e1ser monocrom\u00e1tica, ideal para oficina con impresi\u00f3n, copia y escaneo r\u00e1pido.<\/p>\n<p data-start=\"78\" data-end=\"226\">Datos clave del modelo<\/p>\n<ul data-start=\"257\" data-end=\"481\">\n<li data-start=\"257\" data-end=\"309\">\n<p data-start=\"259\" data-end=\"309\">Tecnolog\u00eda de impresi\u00f3n: <strong data-start=\"284\" data-end=\"307\">L\u00e1ser monocrom\u00e1tico<\/strong><\/p>\n<\/li>\n<li data-start=\"310\" data-end=\"363\">\n<p data-start=\"312\" data-end=\"363\">Velocidad de impresi\u00f3n en negro: hasta <strong data-start=\"351\" data-end=\"361\">42 ppm<\/strong><\/p>\n<\/li>\n<li data-start=\"364\" data-end=\"405\">\n<p data-start=\"366\" data-end=\"405\">Funciones: imprimir, copiar, escanear<\/p>\n<\/li>\n<li data-start=\"406\" data-end=\"481\">\n<p data-start=\"408\" data-end=\"481\">Conectividad: USB, Ethernet y Wi-Fi<\/p>\n<\/li>\n<\/ul>\n","protected":false},"featured_media":1804,"comment_status":"open","ping_status":"closed","template":"","meta":[],"product_cat":[98],"product_tag":[52],"jetpack_sharing_enabled":true,"_links":{"self":[{"href":"https:\/\/cosatshop.com\/index.php?rest_route=\/wp\/v2\/product\/1379"}],"collection":[{"href":"https:\/\/cosatshop.com\/index.php?rest_route=\/wp\/v2\/product"}],"about":[{"href":"https:\/\/cosatshop.com\/index.php?rest_route=\/wp\/v2\/types\/product"}],"replies":[{"embeddable":true,"href":"https:\/\/cosatshop.com\/index.php?rest_route=%2Fwp%2Fv2%2Fcomments&post=1379"}],"wp:featuredmedia":[{"embeddable":true,"href":"https:\/\/cosatshop.com\/index.php?rest_route=\/wp\/v2\/media\/1804"}],"wp:attachment":[{"href":"https:\/\/cosatshop.com\/index.php?rest_route=%2Fwp%2Fv2%2Fmedia&parent=1379"}],"wp:term":[{"taxonomy":"product_cat","embeddable":true,"href":"https:\/\/cosatshop.com\/index.php?rest_route=%2Fwp%2Fv2%2Fproduct_cat&post=1379"},{"taxonomy":"product_tag","embeddable":true,"href":"https:\/\/cosatshop.com\/index.php?rest_route=%2Fwp%2Fv2%2Fproduct_tag&post=1379"}],"curies":[{"name":"wp","href":"https:\/\/api.w.org\/{rel}","templated":true}]}}